{"id":2481,"date":"2021-04-18T22:41:34","date_gmt":"2021-04-18T22:41:34","guid":{"rendered":"http:\/\/iesjoaquintorres.catedu.es\/?page_id=2481"},"modified":"2022-09-27T10:23:25","modified_gmt":"2022-09-27T10:23:25","slug":"gsuite","status":"publish","type":"page","link":"https:\/\/iesjoaquintorres.catedu.es\/?page_id=2481","title":{"rendered":"PLATAFORMA GOOGLE WORKSPACE"},"content":{"rendered":"\n<p>El IES Joaqu\u00edn Torres contin\u00faa apostando este curso por la plataforma Google Workspace  y sus herramientas para el proceso de ense\u00f1anza-aprendizaje.  Por ello cada alumno\/a dispondr\u00e1 desde principio de curso de un correo electr\u00f3nico de dominio @iesjoaquintorres.com, y a trav\u00e9s de este, tendr\u00e1 acceso a las herramientas digitales necesarias para su trabajo diario.<\/p>\n\n\n\n<p>Por todo esto, el IES Joaqu\u00edn Torres, a trav\u00e9s de la presente, establece las normas de&nbsp; funcionamiento aplicables a todas las herramientas de formaci\u00f3n a distancia que se&nbsp; empleen en las diferentes actividades de ense\u00f1anza-aprendizaje.&nbsp;&nbsp;<\/p>\n\n\n\n<p>1. El dominio @iesjoaqu\u00edntorres.com es propiedad del centro educativo IES Joaqu\u00edn&nbsp; Torres y por lo tanto, toda actividad relacionada con dicho dominio est\u00e1 sujeta a las&nbsp; normas que aqu\u00ed se establecen.&nbsp;<\/p>\n\n\n\n<p>2. Los\/as administradores\/as de la plataforma Google Workspace est\u00e1n continuamente monitorizando la actividad que se realiza en la citada plataforma, y en el caso de\u00a0 detectarse cualquier anomal\u00eda proceder\u00e1n a realizar las comprobaciones que se\u00a0 estimen oportunas. Es de obligado cumplimiento ofrecer toda aquella informaci\u00f3n\u00a0 (nunca de car\u00e1cter personal y\/o privado, como contrase\u00f1as y\/o datos bancarios) que\u00a0 desde la administraci\u00f3n se requiera a los\/as usuarios\/as de de las herramientas de\u00a0 la plataforma Google Workspace.\u00a0<\/p>\n\n\n\n<p>3. En caso de estimarse oportuno seg\u00fan la complejidad de los casos a tratar, la\u00a0 administraci\u00f3n de la plataforma Google Workspace del centro podr\u00e1 solicitar soporte t\u00e9cnico a\u00a0 personas ajenas al centro, como especialistas que Google pone a la disposici\u00f3n de\u00a0 los\/as administradores\/as del dominio y a las que se les dar\u00e1 acceso a la\u00a0 informaci\u00f3n que soliciten siempre y cuando no constituya incumplir las normas de\u00a0 privacidad que en este propio documento se incluyen.\u00a0<\/p>\n\n\n\n<p>4. Se hace p\u00fablica la lista de administraci\u00f3n de la plataforma Google Workspace en el curso\u00a0acad\u00e9mico 2022-2023:\u00a0<\/p>\n\n\n\n<p>a. Administraci\u00f3n General: direccion@iesjoaquintorres.com\u00a0<\/p>\n\n\n\n<p>b. Direcci\u00f3n: cgarciam@iesjoaquintorres.com\u00a0<\/p>\n\n\n\n<p>5. Toda la comunidad educativa y cada persona en particular es responsable de hacer\u00a0 un uso adecuado de las herramientas TIC que el centro ha puesto a su disposici\u00f3n y\u00a0 cualquier uso indebido de las mismas acarrear\u00e1 las sanciones que se estimen\u00a0 oportunas y que quedar\u00e1n establecidas en el RRI del centro.<\/p>\n\n\n\n<p>6. La privacidad es un tema que afecta sobremanera al uso de herramientas TIC y que\u00a0 en el IES Joaqu\u00edn Torres estamos comprometidos a respetarla al m\u00e1ximo. No se va a\u00a0 tolerar bajo ning\u00fan concepto que no se respeten las normas b\u00e1sicas de privacidad\u00a0 en nuestro dominio, por ello, se establecen las siguientes reglas:\u00a0<\/p>\n\n\n\n<p>a. Nunca se deben de hacer p\u00fablicas tus credenciales de acceso a tu plataforma privada, ni&nbsp; darlas a nadie aunque sean personas de confianza.&nbsp;<\/p>\n\n\n\n<p>b. Usar contrase\u00f1as seguras y evitar usar las mismas contrase\u00f1as que utilices en&nbsp; otras plataformas.&nbsp;<\/p>\n\n\n\n<p>c. No se debe guardar informaci\u00f3n sensible en la red: contrase\u00f1as, informaci\u00f3n&nbsp; personal, datos bancarios, etc.&nbsp;<\/p>\n\n\n\n<p>d. Siempre que sea posible se debe navegar en modo inc\u00f3gnito para evitar dejar&nbsp; informaci\u00f3n sensible en la red y as\u00ed disminuir el impacto de nuestra huella&nbsp; digital privada.&nbsp;<\/p>\n\n\n\n<p>e. Revisar las condiciones de privacidad de las p\u00e1ginas por las que se navegue y&nbsp; procurar no aceptar cookies que puedan vulnerar las condiciones de&nbsp; seguridad de la informaci\u00f3n privada del alumno y de la del centro.&nbsp;<\/p>\n\n\n\n<p>f. No hacer p\u00fablica informaci\u00f3n de car\u00e1cter privado y\/o fotos o v\u00eddeos en los&nbsp; que aparezca uno mismo y que no puedan ser utilizados por&nbsp; terceras personas.&nbsp;<\/p>\n\n\n\n<p>7. La seguridad del entorno Google Workspace es una responsabilidad que concierne a toda la\u00a0 comunidad educativa del IES Joaqu\u00edn Torres, por ellos, se establecen las siguientes\u00a0 normas:\u00a0<\/p>\n\n\n\n<p>a. No acceder a p\u00e1ginas web de las que no se est\u00e9 seguro de su legitimidad y\u00a0 que, por lo tanto, puedan instalar contenido malicioso en las computadoras\u00a0 poniendo en riesgo la seguridad de la plataforma Google Workspace del centro.\u00a0<\/p>\n\n\n\n<p>b. No descargar software de editores desconocidos que puedan comprometer la\u00a0 seguridad de la plataforma Google Workspace del centro.\u00a0<\/p>\n\n\n\n<p>c. No manipular la plataforma Google Workspace de manera que se pueda ver\u00a0 comprometida la seguridad de la misma.\u00a0<\/p>\n\n\n\n<p>d. Antes de aplicar cambios en la propia cuenta de los que no se est\u00e9 seguro\/a,\u00a0 se debe consultar con la administraci\u00f3n de la plataforma acerca de la idoneidad de\u00a0aplicar los mismos.\u00a0<\/p>\n\n\n\n<p>e. Las Google Apps Marketplace de Google Workspace que no vienen integradas en el\u00a0 paquete de Google for Education est\u00e1n desactivadas por defecto, en caso de\u00a0 necesitar alguna en concreto que no venga en este paquete, primero\u00a0 se debe asegurar la legitimidad de las mismas y posteriormente ponerse en\u00a0 contacto con la administraci\u00f3n de la plataforma para verificar la posibilidad de\u00a0 instalar dicha aplicaci\u00f3n en el entorno Google Workspace para el resto de la comunidad\u00a0 educativa perteneciente al IES Joaqu\u00edn Torres.\u00a0<\/p>\n\n\n\n<p>8. Uso c\u00edvico de las herramientas digitales:&nbsp;<\/p>\n\n\n\n<p>a. La educaci\u00f3n y el respeto han de ir por delante de toda nuestra conducta\u00a0 digital. Google for Education es una herramienta de comunicaci\u00f3n y\u00a0 aprendizaje por ello, toda la comunidad\u00a0 educativa es responsable de utilizar de manera c\u00edvica todas las herramientas\u00a0digitales que se han puesto a nuestra disposici\u00f3n.\u00a0<\/p>\n\n\n\n<p>b. No se debe permitir ning\u00fan abuso a trav\u00e9s de la plataforma digital y no mirar hacia&nbsp; otro lado cuando se observe que se puede estar cometiendo uno, se deben poner los hechos en manos de alguna persona&nbsp; responsable del centro que se ocupar\u00e1 de llevar a cabo las medidas&nbsp; oportunas.&nbsp;<\/p>\n\n\n\n<p>c. Respetar la propiedad intelectual de terceros y proteger la propia: Si se utilizan im\u00e1genes, v\u00eddeos, documentos, presentaciones y\/o cualquier otro\u00a0 material digital para los trabajos, hay que asegurarse que est\u00e9n libres de copyright. El\u00a0 uso y\/o apropiaci\u00f3n indebida de material bajo derecho de copyright\u00a0 constituye un delito que puede ser sancionado penalmente por las\u00a0 autoridades competentes en la materia. En el caso de necesitar incluir\u00a0material digital en las producciones, se debe intentar que est\u00e9n bajo licencia de\u00a0 \u201ccreative commons\u201d.\u00a0<\/p>\n\n\n\n<p>d. Evitar copiar las producciones de otras personas, sobre todo si la persona&nbsp; propietaria del trabajo no est\u00e1 informada de la copia y\/o reproducci\u00f3n del&nbsp; mismo.&nbsp;<\/p>\n\n\n\n<p>e. No acceder ni reproducir contenido ofensivo de cualquier \u00edndole (machista,&nbsp; sexista, racista, hom\u00f3fobo, etc.) y mucho menos utilizar este mismo para&nbsp; intentar ofender a cualquier otra persona o colectivo.&nbsp;<\/p>\n\n\n\n<p>f. &nbsp;&nbsp; A modo general, emplear la sensatez.<\/p>\n\n\n\n<p><strong>CONDUCTAS QUE SER\u00c1N OBJETO DE SANCI\u00d3N:&nbsp;<\/strong><\/p>\n\n\n\n<p><strong>1. Publicar im\u00e1genes, v\u00eddeos, trabajos y\/o informaci\u00f3n personal de otros\/as <\/strong>alumnos\/as sin su expreso consentimiento.&nbsp;<\/p>\n\n\n\n<p><strong>2. Captar y\/o publicar im\u00e1genes <\/strong>del profesor\/a o de cualquier otro miembro de la&nbsp; comunidad educativa sin su expreso consentimiento.&nbsp;<\/p>\n\n\n\n<p><strong>3. Proferir insultos, faltas de respetos y\/o desconsideraci\u00f3n <\/strong>hacia cualquier otro\u00a0 miembro de la comunidad educativa a trav\u00e9s de la plataforma Google Workspace.\u00a0<\/p>\n\n\n\n<p><strong>4. Acceder sin la autorizaci\u00f3n necesaria a contenido de otros\/as compa\u00f1eros\/as\u00a0 y\/o profesores\/as<\/strong>, aunque este contenido se encuentre alojado en un espacio\u00a0 compartido. A menos que se haya obtenido previamente el consentimiento expreso\u00a0 por parte del autor\/a de dicha informaci\u00f3n, quedar\u00e1 totalmente prohibido acceder y\/o\u00a0 visionar el mismo, ya que dicho contenido puede haber sido alojado err\u00f3neamente\u00a0en un espacio p\u00fablico, por lo que siempre y cuando tengamos dudas al respecto se\u00a0 recomienda preguntar previamente al propietario de dicha informaci\u00f3n si el uso de la\u00a0 misma es p\u00fablico o si se trata de un error. Es importante tener esto en cuenta\u00a0 porque ma\u00f1ana te puede pasar a ti.\u00a0\u00a0<\/p>\n\n\n\n<p><strong>5. <\/strong>Intentar acceder a las cuentas de otras personas de la comunidad educativa del IES&nbsp; Joaqu\u00edn Torres. Todos los <strong>intentos de usurpaci\u00f3n de identidad <\/strong>constituyen un&nbsp; delito y podr\u00edan ser sancionados por las autoridades competentes en la materia.&nbsp;&nbsp;<\/p>\n\n\n\n<p><strong>6. <\/strong>En general podr\u00eda ser constitutiva de sanci\u00f3n <strong>cualquier otra conducta que&nbsp; suponga un uso irresponsable de las herramientas <\/strong>que el centro pone a&nbsp; disposici\u00f3n del alumnado para llevar a cabo los procesos de ense\u00f1anza-aprendizaje&nbsp; de manera telem\u00e1tica.&nbsp;&nbsp;<\/p>\n","protected":false},"excerpt":{"rendered":"<p>El IES Joaqu\u00edn Torres contin\u00faa apostando este curso por la plataforma Google Workspace y sus herramientas para el proceso de ense\u00f1anza-aprendizaje. Por ello cada alumno\/a dispondr\u00e1 desde principio de curso de un correo electr\u00f3nico de dominio @iesjoaquintorres.com, y a trav\u00e9s de este, tendr\u00e1 acceso a las herramientas digitales necesarias para su trabajo diario. Por todo [&hellip;]<\/p>\n","protected":false},"author":1144,"featured_media":0,"parent":0,"menu_order":0,"comment_status":"closed","ping_status":"closed","template":"","meta":{"_monsterinsights_skip_tracking":false,"_monsterinsights_sitenote_active":false,"_monsterinsights_sitenote_note":"","_monsterinsights_sitenote_category":0,"footnotes":""},"class_list":["post-2481","page","type-page","status-publish","hentry"],"_links":{"self":[{"href":"https:\/\/iesjoaquintorres.catedu.es\/index.php?rest_route=\/wp\/v2\/pages\/2481","targetHints":{"allow":["GET"]}}],"collection":[{"href":"https:\/\/iesjoaquintorres.catedu.es\/index.php?rest_route=\/wp\/v2\/pages"}],"about":[{"href":"https:\/\/iesjoaquintorres.catedu.es\/index.php?rest_route=\/wp\/v2\/types\/page"}],"author":[{"embeddable":true,"href":"https:\/\/iesjoaquintorres.catedu.es\/index.php?rest_route=\/wp\/v2\/users\/1144"}],"replies":[{"embeddable":true,"href":"https:\/\/iesjoaquintorres.catedu.es\/index.php?rest_route=%2Fwp%2Fv2%2Fcomments&post=2481"}],"version-history":[{"count":3,"href":"https:\/\/iesjoaquintorres.catedu.es\/index.php?rest_route=\/wp\/v2\/pages\/2481\/revisions"}],"predecessor-version":[{"id":2903,"href":"https:\/\/iesjoaquintorres.catedu.es\/index.php?rest_route=\/wp\/v2\/pages\/2481\/revisions\/2903"}],"wp:attachment":[{"href":"https:\/\/iesjoaquintorres.catedu.es\/index.php?rest_route=%2Fwp%2Fv2%2Fmedia&parent=2481"}],"curies":[{"name":"wp","href":"https:\/\/api.w.org\/{rel}","templated":true}]}}